{"id":3645,"date":"2018-06-06T17:15:56","date_gmt":"2018-06-06T15:15:56","guid":{"rendered":"https:\/\/www.hc-retec.ch\/?page_id=3645"},"modified":"2021-08-08T11:32:06","modified_gmt":"2021-08-08T09:32:06","slug":"ferratas-2","status":"publish","type":"page","link":"https:\/\/www.hc-retec.ch\/?page_id=3645&lang=en","title":{"rendered":"Ferratas"},"content":{"rendered":"<ol>\n<li><span style=\"color: #179fa6;\"><a style=\"color: #179fa6;\" href=\"https:\/\/www.hc-retec.ch\/?page_id=2570&amp;lang=en\">Almenalp<\/a> 1750 m<\/span><\/li>\n<li><span style=\"color: #179fa6;\"><a style=\"color: #179fa6;\" href=\"https:\/\/www.hc-retec.ch\/?page_id=2577&amp;lang=en\">Gantrisch<\/a> 2175 m<\/span><\/li>\n<li><span style=\"color: #179fa6;\">Graustock 2662 m<\/span><\/li>\n<li><span style=\"color: #179fa6;\"><a style=\"color: #179fa6;\" href=\"https:\/\/www.hc-retec.ch\/?page_id=2584&amp;lang=en\">T\u00e4lliwand<\/a> 2540 m<\/span><\/li>\n<li><span style=\"color: #179fa6;\"><a style=\"color: #179fa6;\" href=\"https:\/\/www.hc-retec.ch\/?page_id=2589&amp;lang=en\">F\u00fcrenwand <\/a>1850 m<\/span><\/li>\n<li><span style=\"color: #179fa6;\">Rigitalstock 2593 m<\/span><\/li>\n<li><span style=\"color: #179fa6;\"><a style=\"color: #179fa6;\" href=\"https:\/\/www.hc-retec.ch\/?page_id=2595&amp;lang=en\">Tierberg<\/a> 2805 m<\/span><\/li>\n<li><span style=\"color: #179fa6;\"><a style=\"color: #179fa6;\" href=\"https:\/\/www.hc-retec.ch\/?page_id=2600&amp;lang=en\">Piz Mitgel<\/a> 3159 m<\/span><\/li>\n<li><span style=\"color: #179fa6;\"><a style=\"color: #179fa6;\" href=\"https:\/\/www.hc-retec.ch\/?page_id=2604&amp;lang=en\">Mol\u00e9son<\/a> 2002 m<\/span><\/li>\n<li><span style=\"color: #179fa6;\"><a style=\"color: #179fa6;\" href=\"https:\/\/www.hc-retec.ch\/?page_id=3642&amp;lang=en\">The three Eggst\u00f6cke<\/a> 2455 m<\/span><\/li>\n<li><span style=\"color: #179fa6;\"><a style=\"color: #179fa6;\" href=\"https:\/\/www.hc-retec.ch\/?page_id=2809&amp;lang=en\">Daubenhorn 2942 m<\/a><\/span><\/li>\n<li><span style=\"color: #179fa6;\"><a style=\"color: #179fa6;\" href=\"https:\/\/www.hc-retec.ch\/?page_id=2616&amp;lang=en\">Eggishorn<\/a> 2927 m<\/span><\/li>\n<li><span style=\"color: #179fa6;\">Jegihorn 3206m<\/span><\/li>\n<li><span style=\"color: #179fa6;\"><a style=\"color: #179fa6;\" href=\"https:\/\/www.hc-retec.ch\/?page_id=2624&amp;lang=en\">Pinut Historisch<\/a> 2054m<\/span><\/li>\n<li><span style=\"color: #179fa6;\">Zingelst\u00f6ckli<\/span><\/li>\n<li><a href=\"https:\/\/www.hc-retec.ch\/?page_id=4809&amp;lang=en\"><span style=\"color: #179fa6;\">Kapf and Kessi (Austria)<\/span><\/a><\/li>\n<\/ol>\n<p><span style=\"color: #99ccff;\">Cover image: The cross stands on the Wissberg 2627 m.\u00fc.M. The all-round view is not quite optimal, nevertheless the ascent was worthwhile.<\/span><\/p>\n<p style=\"text-align: right;\"><a href=\"https:\/\/www.hc-retec.ch\/?page_id=2527&amp;lang=en\"><span style=\"color: #ff0000;\"><em><span style=\"font-size: 10pt;\"><span style=\"font-size: 24pt;\"><strong>&nbsp;\u2191&nbsp;<\/strong><\/span><\/span><\/em><\/span><\/a><\/p>\n","protected":false},"excerpt":{"rendered":"<p>Almenalp 1750 m Gantrisch 2175 m Graustock 2662 m T\u00e4lliwand 2540 m F\u00fcrenwand 1850 m Rigitalstock 2593 m Tierberg 2805 m Piz Mitgel 3159 m Mol\u00e9son 2002 m The three Eggst\u00f6cke 2455 m Daubenhorn 2942 m Eggishorn 2927 m Jegihorn 3206m Pinut Historisch 2054m Zingelst\u00f6ckli Kapf and Kessi (Austria) Cover image: The cross stands on &hellip; <\/p>\n<p class=\"link-more\"><a href=\"https:\/\/www.hc-retec.ch\/?page_id=3645&#038;lang=en\" class=\"more-link\"><span class=\"screen-reader-text\">&#171;Ferratas&#187;<\/span> weiterlesen<\/a><\/p>\n","protected":false},"author":2,"featured_media":937,"parent":2527,"menu_order":1,"comment_status":"closed","ping_status":"closed","template":"","meta":{"ngg_post_thumbnail":0,"footnotes":""},"class_list":["post-3645","page","type-page","status-publish","has-post-thumbnail","hentry"],"yoast_head":"<!-- This site is optimized with the Yoast SEO plugin v27.3 - https:\/\/yoast.com\/product\/yoast-seo-wordpress\/ -->\n<title>Ferratas - HC-RETEC<\/title>\n<meta name=\"robots\" content=\"index, follow, max-snippet:-1, max-image-preview:large, max-video-preview:-1\" \/>\n<link rel=\"canonical\" href=\"https:\/\/www.hc-retec.ch\/?page_id=3645&lang=en\" \/>\n<meta property=\"og:locale\" content=\"de_DE\" \/>\n<meta property=\"og:type\" content=\"article\" \/>\n<meta property=\"og:title\" content=\"Ferratas - HC-RETEC\" \/>\n<meta property=\"og:description\" content=\"Almenalp 1750 m Gantrisch 2175 m Graustock 2662 m T\u00e4lliwand 2540 m F\u00fcrenwand 1850 m Rigitalstock 2593 m Tierberg 2805 m Piz Mitgel 3159 m Mol\u00e9son 2002 m The three Eggst\u00f6cke 2455 m Daubenhorn 2942 m Eggishorn 2927 m Jegihorn 3206m Pinut Historisch 2054m Zingelst\u00f6ckli Kapf and Kessi (Austria) Cover image: The cross stands on &hellip; &quot;Ferratas&quot; weiterlesen\" \/>\n<meta property=\"og:url\" content=\"https:\/\/www.hc-retec.ch\/?page_id=3645&amp;lang=en\" \/>\n<meta property=\"og:site_name\" content=\"HC-RETEC\" \/>\n<meta property=\"article:modified_time\" content=\"2021-08-08T09:32:06+00:00\" \/>\n<meta property=\"og:image\" content=\"https:\/\/www.hc-retec.ch\/wp-content\/uploads\/2018\/06\/Wissberg_1.jpg\" \/>\n\t<meta property=\"og:image:width\" content=\"4000\" \/>\n\t<meta property=\"og:image:height\" content=\"2250\" \/>\n\t<meta property=\"og:image:type\" content=\"image\/jpeg\" \/>\n<meta name=\"twitter:card\" content=\"summary_large_image\" \/>\n<meta name=\"twitter:label1\" content=\"Gesch\u00e4tzte Lesezeit\" \/>\n\t<meta name=\"twitter:data1\" content=\"1\u00a0Minute\" \/>\n<script type=\"application\/ld+json\" class=\"yoast-schema-graph\">{\"@context\":\"https:\\\/\\\/schema.org\",\"@graph\":[{\"@type\":\"WebPage\",\"@id\":\"https:\\\/\\\/www.hc-retec.ch\\\/?page_id=3645&lang=en\",\"url\":\"https:\\\/\\\/www.hc-retec.ch\\\/?page_id=3645&lang=en\",\"name\":\"Ferratas - HC-RETEC\",\"isPartOf\":{\"@id\":\"https:\\\/\\\/www.hc-retec.ch\\\/#website\"},\"primaryImageOfPage\":{\"@id\":\"https:\\\/\\\/www.hc-retec.ch\\\/?page_id=3645&lang=en#primaryimage\"},\"image\":{\"@id\":\"https:\\\/\\\/www.hc-retec.ch\\\/?page_id=3645&lang=en#primaryimage\"},\"thumbnailUrl\":\"https:\\\/\\\/www.hc-retec.ch\\\/wp-content\\\/uploads\\\/2018\\\/06\\\/Wissberg_1.jpg\",\"datePublished\":\"2018-06-06T15:15:56+00:00\",\"dateModified\":\"2021-08-08T09:32:06+00:00\",\"breadcrumb\":{\"@id\":\"https:\\\/\\\/www.hc-retec.ch\\\/?page_id=3645&lang=en#breadcrumb\"},\"inLanguage\":\"de-CH\",\"potentialAction\":[{\"@type\":\"ReadAction\",\"target\":[\"https:\\\/\\\/www.hc-retec.ch\\\/?page_id=3645&lang=en\"]}]},{\"@type\":\"ImageObject\",\"inLanguage\":\"de-CH\",\"@id\":\"https:\\\/\\\/www.hc-retec.ch\\\/?page_id=3645&lang=en#primaryimage\",\"url\":\"https:\\\/\\\/www.hc-retec.ch\\\/wp-content\\\/uploads\\\/2018\\\/06\\\/Wissberg_1.jpg\",\"contentUrl\":\"https:\\\/\\\/www.hc-retec.ch\\\/wp-content\\\/uploads\\\/2018\\\/06\\\/Wissberg_1.jpg\",\"width\":4000,\"height\":2250,\"caption\":\"DCIM100MEDIADJI_0035.JPG\"},{\"@type\":\"BreadcrumbList\",\"@id\":\"https:\\\/\\\/www.hc-retec.ch\\\/?page_id=3645&lang=en#breadcrumb\",\"itemListElement\":[{\"@type\":\"ListItem\",\"position\":1,\"name\":\"Home\",\"item\":\"https:\\\/\\\/www.hc-retec.ch\\\/\"},{\"@type\":\"ListItem\",\"position\":2,\"name\":\"Climbing\",\"item\":\"https:\\\/\\\/www.hc-retec.ch\\\/?page_id=2527&lang=en\"},{\"@type\":\"ListItem\",\"position\":3,\"name\":\"Ferratas\"}]},{\"@type\":\"WebSite\",\"@id\":\"https:\\\/\\\/www.hc-retec.ch\\\/#website\",\"url\":\"https:\\\/\\\/www.hc-retec.ch\\\/\",\"name\":\"HC-RETEC\",\"description\":\"Helvetic Climber - Radio electronics - Geek &amp; Techy\",\"publisher\":{\"@id\":\"https:\\\/\\\/www.hc-retec.ch\\\/#\\\/schema\\\/person\\\/22a05691064eef2f54f5bc11903ad87d\"},\"potentialAction\":[{\"@type\":\"SearchAction\",\"target\":{\"@type\":\"EntryPoint\",\"urlTemplate\":\"https:\\\/\\\/www.hc-retec.ch\\\/?s={search_term_string}\"},\"query-input\":{\"@type\":\"PropertyValueSpecification\",\"valueRequired\":true,\"valueName\":\"search_term_string\"}}],\"inLanguage\":\"de-CH\"},{\"@type\":[\"Person\",\"Organization\"],\"@id\":\"https:\\\/\\\/www.hc-retec.ch\\\/#\\\/schema\\\/person\\\/22a05691064eef2f54f5bc11903ad87d\",\"name\":\"Christian Dietrich\",\"image\":{\"@type\":\"ImageObject\",\"inLanguage\":\"de-CH\",\"@id\":\"https:\\\/\\\/secure.gravatar.com\\\/avatar\\\/3f7e9857234531f41416284b7b73598c89c67b1202c2718e48f986b4cd0e6139?s=96&d=mm&r=g\",\"url\":\"https:\\\/\\\/secure.gravatar.com\\\/avatar\\\/3f7e9857234531f41416284b7b73598c89c67b1202c2718e48f986b4cd0e6139?s=96&d=mm&r=g\",\"contentUrl\":\"https:\\\/\\\/secure.gravatar.com\\\/avatar\\\/3f7e9857234531f41416284b7b73598c89c67b1202c2718e48f986b4cd0e6139?s=96&d=mm&r=g\",\"caption\":\"Christian Dietrich\"},\"logo\":{\"@id\":\"https:\\\/\\\/secure.gravatar.com\\\/avatar\\\/3f7e9857234531f41416284b7b73598c89c67b1202c2718e48f986b4cd0e6139?s=96&d=mm&r=g\"},\"sameAs\":[\"https:\\\/\\\/www.hc-retec.ch\"]}]}<\/script>\n<!-- \/ Yoast SEO plugin. -->","yoast_head_json":{"title":"Ferratas - HC-RETEC","robots":{"index":"index","follow":"follow","max-snippet":"max-snippet:-1","max-image-preview":"max-image-preview:large","max-video-preview":"max-video-preview:-1"},"canonical":"https:\/\/www.hc-retec.ch\/?page_id=3645&lang=en","og_locale":"de_DE","og_type":"article","og_title":"Ferratas - HC-RETEC","og_description":"Almenalp 1750 m Gantrisch 2175 m Graustock 2662 m T\u00e4lliwand 2540 m F\u00fcrenwand 1850 m Rigitalstock 2593 m Tierberg 2805 m Piz Mitgel 3159 m Mol\u00e9son 2002 m The three Eggst\u00f6cke 2455 m Daubenhorn 2942 m Eggishorn 2927 m Jegihorn 3206m Pinut Historisch 2054m Zingelst\u00f6ckli Kapf and Kessi (Austria) Cover image: The cross stands on &hellip; \"Ferratas\" weiterlesen","og_url":"https:\/\/www.hc-retec.ch\/?page_id=3645&lang=en","og_site_name":"HC-RETEC","article_modified_time":"2021-08-08T09:32:06+00:00","og_image":[{"width":4000,"height":2250,"url":"https:\/\/www.hc-retec.ch\/wp-content\/uploads\/2018\/06\/Wissberg_1.jpg","type":"image\/jpeg"}],"twitter_card":"summary_large_image","twitter_misc":{"Gesch\u00e4tzte Lesezeit":"1\u00a0Minute"},"schema":{"@context":"https:\/\/schema.org","@graph":[{"@type":"WebPage","@id":"https:\/\/www.hc-retec.ch\/?page_id=3645&lang=en","url":"https:\/\/www.hc-retec.ch\/?page_id=3645&lang=en","name":"Ferratas - HC-RETEC","isPartOf":{"@id":"https:\/\/www.hc-retec.ch\/#website"},"primaryImageOfPage":{"@id":"https:\/\/www.hc-retec.ch\/?page_id=3645&lang=en#primaryimage"},"image":{"@id":"https:\/\/www.hc-retec.ch\/?page_id=3645&lang=en#primaryimage"},"thumbnailUrl":"https:\/\/www.hc-retec.ch\/wp-content\/uploads\/2018\/06\/Wissberg_1.jpg","datePublished":"2018-06-06T15:15:56+00:00","dateModified":"2021-08-08T09:32:06+00:00","breadcrumb":{"@id":"https:\/\/www.hc-retec.ch\/?page_id=3645&lang=en#breadcrumb"},"inLanguage":"de-CH","potentialAction":[{"@type":"ReadAction","target":["https:\/\/www.hc-retec.ch\/?page_id=3645&lang=en"]}]},{"@type":"ImageObject","inLanguage":"de-CH","@id":"https:\/\/www.hc-retec.ch\/?page_id=3645&lang=en#primaryimage","url":"https:\/\/www.hc-retec.ch\/wp-content\/uploads\/2018\/06\/Wissberg_1.jpg","contentUrl":"https:\/\/www.hc-retec.ch\/wp-content\/uploads\/2018\/06\/Wissberg_1.jpg","width":4000,"height":2250,"caption":"DCIM100MEDIADJI_0035.JPG"},{"@type":"BreadcrumbList","@id":"https:\/\/www.hc-retec.ch\/?page_id=3645&lang=en#breadcrumb","itemListElement":[{"@type":"ListItem","position":1,"name":"Home","item":"https:\/\/www.hc-retec.ch\/"},{"@type":"ListItem","position":2,"name":"Climbing","item":"https:\/\/www.hc-retec.ch\/?page_id=2527&lang=en"},{"@type":"ListItem","position":3,"name":"Ferratas"}]},{"@type":"WebSite","@id":"https:\/\/www.hc-retec.ch\/#website","url":"https:\/\/www.hc-retec.ch\/","name":"HC-RETEC","description":"Helvetic Climber - Radio electronics - Geek &amp; Techy","publisher":{"@id":"https:\/\/www.hc-retec.ch\/#\/schema\/person\/22a05691064eef2f54f5bc11903ad87d"},"potentialAction":[{"@type":"SearchAction","target":{"@type":"EntryPoint","urlTemplate":"https:\/\/www.hc-retec.ch\/?s={search_term_string}"},"query-input":{"@type":"PropertyValueSpecification","valueRequired":true,"valueName":"search_term_string"}}],"inLanguage":"de-CH"},{"@type":["Person","Organization"],"@id":"https:\/\/www.hc-retec.ch\/#\/schema\/person\/22a05691064eef2f54f5bc11903ad87d","name":"Christian Dietrich","image":{"@type":"ImageObject","inLanguage":"de-CH","@id":"https:\/\/secure.gravatar.com\/avatar\/3f7e9857234531f41416284b7b73598c89c67b1202c2718e48f986b4cd0e6139?s=96&d=mm&r=g","url":"https:\/\/secure.gravatar.com\/avatar\/3f7e9857234531f41416284b7b73598c89c67b1202c2718e48f986b4cd0e6139?s=96&d=mm&r=g","contentUrl":"https:\/\/secure.gravatar.com\/avatar\/3f7e9857234531f41416284b7b73598c89c67b1202c2718e48f986b4cd0e6139?s=96&d=mm&r=g","caption":"Christian Dietrich"},"logo":{"@id":"https:\/\/secure.gravatar.com\/avatar\/3f7e9857234531f41416284b7b73598c89c67b1202c2718e48f986b4cd0e6139?s=96&d=mm&r=g"},"sameAs":["https:\/\/www.hc-retec.ch"]}]}},"_links":{"self":[{"href":"https:\/\/www.hc-retec.ch\/index.php?rest_route=\/wp\/v2\/pages\/3645","targetHints":{"allow":["GET"]}}],"collection":[{"href":"https:\/\/www.hc-retec.ch\/index.php?rest_route=\/wp\/v2\/pages"}],"about":[{"href":"https:\/\/www.hc-retec.ch\/index.php?rest_route=\/wp\/v2\/types\/page"}],"author":[{"embeddable":true,"href":"https:\/\/www.hc-retec.ch\/index.php?rest_route=\/wp\/v2\/users\/2"}],"replies":[{"embeddable":true,"href":"https:\/\/www.hc-retec.ch\/index.php?rest_route=%2Fwp%2Fv2%2Fcomments&post=3645"}],"version-history":[{"count":9,"href":"https:\/\/www.hc-retec.ch\/index.php?rest_route=\/wp\/v2\/pages\/3645\/revisions"}],"predecessor-version":[{"id":4814,"href":"https:\/\/www.hc-retec.ch\/index.php?rest_route=\/wp\/v2\/pages\/3645\/revisions\/4814"}],"up":[{"embeddable":true,"href":"https:\/\/www.hc-retec.ch\/index.php?rest_route=\/wp\/v2\/pages\/2527"}],"wp:featuredmedia":[{"embeddable":true,"href":"https:\/\/www.hc-retec.ch\/index.php?rest_route=\/wp\/v2\/media\/937"}],"wp:attachment":[{"href":"https:\/\/www.hc-retec.ch\/index.php?rest_route=%2Fwp%2Fv2%2Fmedia&parent=3645"}],"curies":[{"name":"wp","href":"https:\/\/api.w.org\/{rel}","templated":true}]}}